{"id":401,"date":"2013-10-23T13:11:46","date_gmt":"2013-10-23T13:11:46","guid":{"rendered":"http:\/\/localhost.stenhaga.com\/?page_id=401"},"modified":"2026-04-30T12:14:01","modified_gmt":"2026-04-30T11:14:01","slug":"fastigheter","status":"publish","type":"page","link":"https:\/\/stenhaga.com\/index.php\/vara-innehav\/fastigheter\/","title":{"rendered":"Fastigheter"},"content":{"rendered":"<table border=\"0\" width=\"100%\" cellpadding=\"0\">\n<tbody>\n<tr>\n<td valign=\"top\" width=\"48%\"><img loading=\"lazy\" decoding=\"async\" class=\"img-responsive alignnone wp-image-2533 size-full\" style=\"margin-top: 18px;\" src=\"https:\/\/stenhaga.com\/wp-content\/uploads\/2024\/02\/Utsida-sommar-Stor-e1708511726708.jpg\" alt=\"\" width=\"809\" height=\"600\" srcset=\"https:\/\/stenhaga.com\/wp-content\/uploads\/2024\/02\/Utsida-sommar-Stor-e1708511726708.jpg 809w, https:\/\/stenhaga.com\/wp-content\/uploads\/2024\/02\/Utsida-sommar-Stor-e1708511726708-768x570.jpg 768w\" sizes=\"auto, (max-width: 809px) 100vw, 809px\" \/><\/td>\n<td style=\"padding-left: 20px;\" valign=\"top\">\n<h1>Stenhaga Fastigheter AB<\/h1>\n<p>Stenhaga Fastigheter \u00e4r ett renodlat holdingbolag vars dotterbolag \u00e4ger och utvecklar fastigheter, i huvudsak bel\u00e4gna i v\u00e4stra Sverige. Fastighetsinnehavet omfattar idag drygt 500 000 m2.<\/p>\n<p>Vi investerar i fastigheter med god utvecklingspotential d\u00e4r vi kan bygga v\u00e4rden.<\/p>\n<p><strong>Kontakt:<\/strong>\u00a0Fastighetschef, Sonny Klar\u00e9n, +46 (0) 708 13 29 55,\u00a0<a href=\"mailto:sonny@stenhaga.com\">sonny@stenhaga.com<\/a>. <a href=\"http:\/\/www.stenhagafastigheter.com\/\" target=\"_blank\" rel=\"noopener\"><br \/>\n<\/a><\/p>\n<p><strong>\u00a0<\/strong><\/td>\n<\/tr>\n<tr>\n<td valign=\"top\"><img loading=\"lazy\" decoding=\"async\" width=\"533\" height=\"335\" class=\"alignnone size-full wp-image-2177 img-responsive\" style=\"margin-top: 18px;\" src=\"https:\/\/unruffled-bassi.185-202-178-137.plesk.page\/wp-content\/uploads\/2013\/10\/Bjertorp-slott.jpg\" alt=\"Bjertorp slott\" srcset=\"https:\/\/stenhaga.com\/wp-content\/uploads\/2013\/10\/Bjertorp-slott.jpg 533w, https:\/\/stenhaga.com\/wp-content\/uploads\/2013\/10\/Bjertorp-slott-300x189.jpg 300w\" sizes=\"auto, (max-width: 533px) 100vw, 533px\" \/><\/td>\n<td style=\"padding-left: 20px;\" valign=\"top\">\n<h1>Bjertorp Slott<\/h1>\n<p>Inom Stenhaga vill vi \u00e4ven bidra till lokal utveckling och hj\u00e4lpa till att bevara fastigheter som lokalt utg\u00f6r viktiga kulturarv. Bjertorp Slott \u00e4r ett konkret exempel d\u00e4r vi genom v\u00e5rt dotterbolag Perveni AB, sedan n\u00e5gra \u00e5r tillbaka \u00e4ger fastigheten. Vid \u00f6vertagandet hade det K-m\u00e4rkta slottet med tillh\u00f6rande byggnader ett stort renoveringsbehov vilket medf\u00f6rt investeringar s\u00e5v\u00e4l inv\u00e4ndigt som utv\u00e4ndigt.<\/p>\n<p>Bjertorp Slott \u00e4r Sveriges yngsta slott byggt i en unik Jugend-stil. Fastigheten ligger i Vara kommun och byggdes av Knut Henrik Littorin under 1910-talet. Arkitekt var den erk\u00e4nde Ferdinand Boberg som \u00e4ven ligger bakom Rosenbad och NK-huset i Stockholm.<\/p>\n<p>Idag bedrivs konferens- och hotellverksamhet p\u00e5 Bjertorp genom Winn Hotel Group AB.<\/p>\n<p><strong>Kontakt:<\/strong>\u00a0Fastighetschef Sonny Klar\u00e9n, +46 (0) 708 13 29 55,\u00a0<a href=\"mailto:sonny@stenhaga.com\">sonny@stenhaga.com<\/a><\/p>\n<p><a href=\"http:\/\/www.bjertorpslott.se\" target=\"_blank\" rel=\"noopener\">www.bjertorpslott.se<\/a><\/td>\n<\/tr>\n<tr>\n<td valign=\"top\"><a href=\"https:\/\/unruffled-bassi.185-202-178-137.plesk.page\/wp-content\/uploads\/2020\/03\/Fastighet-2-e1583316559462.jpg\"><img loading=\"lazy\" decoding=\"async\" width=\"1346\" height=\"847\" class=\"alignnone size-full wp-image-2442\" style=\"margin-top: 18px;\" src=\"https:\/\/unruffled-bassi.185-202-178-137.plesk.page\/wp-content\/uploads\/2020\/03\/Fastighet-2-e1583316559462.jpg\" alt=\"\" srcset=\"https:\/\/stenhaga.com\/wp-content\/uploads\/2020\/03\/Fastighet-2-e1583316559462.jpg 1346w, https:\/\/stenhaga.com\/wp-content\/uploads\/2020\/03\/Fastighet-2-e1583316559462-300x189.jpg 300w, https:\/\/stenhaga.com\/wp-content\/uploads\/2020\/03\/Fastighet-2-e1583316559462-1024x644.jpg 1024w, https:\/\/stenhaga.com\/wp-content\/uploads\/2020\/03\/Fastighet-2-e1583316559462-768x483.jpg 768w\" sizes=\"auto, (max-width: 1346px) 100vw, 1346px\" \/><\/a><\/td>\n<td style=\"padding-left: 20px;\" valign=\"top\">\n<h1>Kinnekulle Ring<\/h1>\n<p>Kinnekulle Ring har sitt ursprung fr\u00e5n slutet av 60-talet och \u00e4r mest k\u00e4nd f\u00f6r sin motorbana. M\u00e5nga k\u00e4nda f\u00f6rare har genom \u00e5ren k\u00f6rt racerbil p\u00e5 banan. \u00c4ven Rallycross och Crosscart har varit stort och dragit mycket folk till anl\u00e4ggningen.<\/p>\n<p>P\u00e5 anl\u00e4ggningen finns \u00e4ven en halkbana d\u00e4r man varje \u00e5r riskutbildar ca 4 500 k\u00f6rskoleelever. Polisen, Brandk\u00e5ren, Ambulansen, F\u00f6rsvaret och S\u00e4kerhetsf\u00f6retag hyr \u00e4ven anl\u00e4ggningen f\u00f6r utbildning av personal genom diverse utbildningar.<\/p>\n<p>Banan som tidigare \u00e4gdes av 19 olika trafikskolor \u00e4gs och f\u00f6rvaltas idag inom Stenhaga. Vi p\u00e5 Stenhaga ser detta som en l\u00e5ngsiktig och ett fantastiskt trevligt projekt med bra utvecklingspotential. Just nu genomg\u00e5r Kinnekulle Ring och hela anl\u00e4ggningen f\u00f6rsta etappen av en renovering som kommer att p\u00e5g\u00e5 under n\u00e5gra \u00e5r.<\/p>\n<p>Tillsammans med Bilkompaniet i Tr\u00e5vad &amp; Bjertorp Slott finns fina synergier som kan ge drag hj\u00e4lp \u00e5t varandra<\/p>\n<p><strong>Kontaktperson: <\/strong>VD, Daniel Claesson, Tel: +46 70 580 19 58, <a href=\"mailto:daniel.claesson@kinnekulle-ring.se\">daniel.claesson@kinnekulle-ring.se<\/a><\/p>\n<p>L\u00e4s mer p\u00e5 <a href=\"http:\/\/kinnekulle-ring.se\/\" target=\"_blank\" rel=\"noopener\">kinnekulle-ring.se<\/a><\/td>\n<\/tr>\n<tr>\n<td valign=\"top\"><img loading=\"lazy\" decoding=\"async\" class=\"alignnone wp-image-2488 size-full\" style=\"margin-top: 18px;\" src=\"https:\/\/stenhaga.com\/wp-content\/uploads\/2024\/02\/Bathamn.jpg\" alt=\"\" width=\"2048\" height=\"1536\" srcset=\"https:\/\/stenhaga.com\/wp-content\/uploads\/2024\/02\/Bathamn.jpg 2048w, https:\/\/stenhaga.com\/wp-content\/uploads\/2024\/02\/Bathamn-1024x768.jpg 1024w, https:\/\/stenhaga.com\/wp-content\/uploads\/2024\/02\/Bathamn-768x576.jpg 768w, https:\/\/stenhaga.com\/wp-content\/uploads\/2024\/02\/Bathamn-1536x1152.jpg 1536w\" sizes=\"auto, (max-width: 2048px) 100vw, 2048px\" \/><\/td>\n<td style=\"padding-left: 20px;\" valign=\"top\">\n<h1>Kingsport AB<\/h1>\n<p>Kingsport Marina \u00e4r en nybyggd marina, centralt bel\u00e4gen i Kungshamn i kvarteret Gulesk\u00e4r.\u00a0Kingsport \u00e4r ett hel\u00e4gt dotterbolag till Stenhagas fastighetsbolag Perveni AB. Till marinan h\u00f6r 270 l\u00f6pmeter bryggor och kaj, varmhall f\u00f6r b\u00e5tf\u00f6rvaring samt hamnkontor och servicebyggnad. Servicebyggnaden inneh\u00e5ller k\u00f6k, duschar, toaletter och tv\u00e4ttstuga.P\u00e5 marinaomr\u00e5det finns \u00e4ven 18 nybyggda sj\u00f6bodar.<\/p>\n<p><strong>Kontakt:<\/strong> Bes\u00f6k g\u00e4rna v\u00e5r hemsida <a href=\"https:\/\/swe01.safelinks.protection.outlook.com\/?url=http%3A%2F%2Fwww.kingsport.se%2F&amp;data=05%7C02%7Csupport%40evolvit.se%7C0a5211aef5f0464ab05808de96d5198d%7C9844b4892b7d4281941ea613c9ce906a%7C0%7C0%7C639114039169444708%7CUnknown%7CTWFpbGZsb3d8eyJFbXB0eU1hcGkiOnRydWUsIlYiOiIwLjAuMDAwMCIsIlAiOiJXaW4zMiIsIkFOIjoiTWFpbCIsIldUIjoyfQ%3D%3D%7C0%7C%7C%7C&amp;sdata=vIjr6KqhP82xRdsB6MJcGlDFtY6hYn3O1ta1J05MIsM%3D&amp;reserved=0\" target=\"_blank\" rel=\"noopener\">www.kingsport.se<\/a><\/td>\n<\/tr>\n<tr>\n<td valign=\"top\"><img loading=\"lazy\" decoding=\"async\" class=\"alignnone wp-image-2487 size-full\" style=\"margin-top: 18px;\" src=\"https:\/\/stenhaga.com\/wp-content\/uploads\/2024\/02\/image001-2.jpg\" alt=\"\" width=\"720\" height=\"479\" \/><\/td>\n<td style=\"padding-left: 20px;\" valign=\"top\">\n<h1>Tierp Arena<\/h1>\n<p>Uppt\u00e4ck en V\u00e4rld av M\u00f6jligheter p\u00e5 V\u00e5r M\u00e5ngsidiga Arena!<\/p>\n<p>P\u00e5 v\u00e5ra imponerande 172 hektar st\u00e5r vi stolta \u00f6ver att erbjuda en bred m\u00e5ngfald av evenemangsm\u00f6jligheter, fr\u00e5n motorsport till konferenser, utst\u00e4llningar och konserter. Med en imponerande 1100 meter l\u00e5ng dragracingbana, en rallycrossbana i perfekt balans mellan grus och asfalt, samt en toppmodern halkbana f\u00f6r s\u00e4kerhetsutbildningar och terr\u00e4ng\u00e4ventyr, \u00e4r v\u00e5r arena designad f\u00f6r adrenalinpumpande evenemang.<\/p>\n<p>Arenan rymmer upp till 22 000 \u00e5sk\u00e5dare och erbjuder 7500 parkeringsplatser. V\u00e5ra faciliteter inkluderar 130 vattentoaletter, ett komplett restaurangk\u00f6k, och en restaurangmarknad med caf\u00e9- och butiksomr\u00e5de. Det h\u00e4r \u00e4r platsen d\u00e4r minnesv\u00e4rda evenemang tar form, med varje detalj noga planerad f\u00f6r att skapa en smidig och komfortabel upplevelse. F\u00f6r att g\u00f6ra din vistelse fullst\u00e4ndig erbjuder vi bekv\u00e4ma hotellrum direkt p\u00e5 arenan och stora campingomr\u00e5den f\u00f6r de \u00e4ventyrliga. Sl\u00e5 dig ner i v\u00e5r exklusiva VIP Lounge med panoramautsikt \u00f6ver hela arenan och njut av varje \u00f6gonblick av sp\u00e4nning och underh\u00e5llning.<\/p>\n<p><strong>Kontakt:<\/strong> VD, Niklas Karlsson, +46 (0) 733 42 83 83,\u00a0 <u><a href=\"mailto:nicklas@tierparena.com\">nicklas@tierparena.com<\/a><\/u><\/p>\n<p>L\u00e4s mer p\u00e5\u00a0<a href=\"http:\/\/www.tierparena.com\/\" target=\"_blank\" rel=\"nofollow noreferrer noopener\">www.tierparena.com<\/a><\/td>\n<\/tr>\n<tr>\n<td valign=\"top\"><img loading=\"lazy\" decoding=\"async\" class=\"alignnone wp-image-2484 size-full\" style=\"margin-top: 18px;\" src=\"https:\/\/stenhaga.com\/wp-content\/uploads\/2024\/02\/image001-1.jpg\" alt=\"\" width=\"640\" height=\"360\" \/><\/td>\n<td style=\"padding-left: 20px;\" valign=\"top\">\n<h1>Boken\u00e4s<\/h1>\n<p>Omr\u00e5det har sitt ursprung fr\u00e5n \u00e5r 1948 d\u00e5 Volvo\u00b4s pensionsstiftelse f\u00f6rv\u00e4rvade marken f\u00f6r att bygga semesterboende f\u00f6r de anst\u00e4llda. Det \u201dnya\u201d Boken\u00e4s byggdes \u00e5r 1993 d\u00e5 omr\u00e5det utvecklades vidare.<\/p>\n<p>Fastigheten\u00e4r bel\u00e4gen I hj\u00e4rtat av Bohusl\u00e4n vid Kolj\u00f6fjorden.<\/p>\n<p>Stenhaga f\u00f6rv\u00e4rvade omr\u00e5det \u00e5r 2016 har sedan dess l\u00e5tit helrenovera s\u00e5v\u00e4l l\u00e4genheter som \u00f6vriga byggnader samt utvecklat omr\u00e5det vidare.<\/p>\n<p><strong>Kontaktperson:<\/strong> Andreas Wohrm.<br \/>\n<span lang=\"EN-GB\">Tel. +46 70 090 82 20.<br \/>\nEmail: <a href=\"mailto:andreas@bokenaset.com\">andreas@bokenaset.com<\/a><\/span><\/p>\n<p>L\u00e4s mer p\u00e5 <a href=\"http:\/\/www.bokenaset.com\/\" target=\"_blank\" rel=\"nofollow noreferrer noopener\">www.bokenaset.com<\/a><\/td>\n<\/tr>\n<tr>\n<td valign=\"top\"><img loading=\"lazy\" decoding=\"async\" class=\"alignnone wp-image-2499 size-full\" style=\"margin-top: 18px;\" src=\"https:\/\/stenhaga.com\/wp-content\/uploads\/2024\/02\/image001-1-e1708516116525.png\" alt=\"\" width=\"500\" height=\"358\" \/><\/td>\n<td style=\"padding-left: 20px;\" valign=\"top\">\n<h1>VCL Fastigheter<\/h1>\n<p>\u00e4r ett fastighetsbolag vars dotterbolag \u00e4ger och utvecklar fastigheter, i huvudsak bel\u00e4gna i centrala Sk\u00f6vde.<\/p>\n<p>Fastighetsinnehavet omfattar idag drygt 15 000 m2.<\/p>\n<p>Vi investerar i fastigheter med god utvecklingspotential d\u00e4r vi kan bygga v\u00e4rden.<\/p>\n<p><strong>Kontakt:<\/strong> Lars Ulfvengren +46 708 79 79 33\u00a0 <a href=\"mailto:lars@stenhaga.com\">lars@stenhaga.com<\/a><\/td>\n<\/tr>\n<tr>\n<td valign=\"top\"><img loading=\"lazy\" decoding=\"async\" class=\"alignnone wp-image-2531 size-full\" style=\"margin-top: 18px;\" src=\"https:\/\/stenhaga.com\/wp-content\/uploads\/2024\/02\/rimage.jpg\" alt=\"\" width=\"590\" height=\"332\" \/><\/td>\n<td style=\"padding-left: 20px;\" valign=\"top\">\n<h1>St\u00e5ngudden Fyrvaktarbostad<\/h1>\n<p>Den 1e september 2023 f\u00f6rv\u00e4rvade Stenhaga Invest St\u00e5nguddens fyrvaktarbostad p\u00e5 Lur\u00f6 i V\u00e4nern.<\/p>\n<p>Mitt i V\u00e4nern ligger Lur\u00f6 sk\u00e4rg\u00e5rd som inneh\u00e5ller en stor variation av vilda och vackra sk\u00e4rg\u00e5rdsmilj\u00f6er och d\u00e4r ligger St\u00e5nguddens fyr och fyrvaktarbostad.<\/p>\n<p>1863 byggdes fyren och den 1a januari 1864 t\u00e4ndes den f\u00f6r f\u00f6rsta g\u00e5ngen.<\/p>\n<p>1905 revs fyren och ersattes av ett nybyggt boningshus med torn p\u00e5 taket vid ena gaveln. Fyren m\u00e5lades vit och 1954 ersattes fotogenlampan med AGA-ljus.<\/p>\n<p>Fyren har sedan den byggdes 1864 varit bebodd av fyrvaktare med familjer och 1992 avbemannades fyren.<\/p>\n<p>Stenhaga planerar att originalrenovera fyrvaktarbostaden och \u00e5terst\u00e4lla den till sitt ursprungliga utseende.<\/td>\n<\/tr>\n<tr>\n<td valign=\"top\"><img loading=\"lazy\" decoding=\"async\" class=\"alignnone wp-image-2555 size-large\" style=\"margin-top: 18px;\" src=\"https:\/\/stenhaga.com\/wp-content\/uploads\/2024\/11\/Bild-pa-fabriksomradet-Stor-1024x658.jpeg\" alt=\"\" width=\"1024\" height=\"658\" srcset=\"https:\/\/stenhaga.com\/wp-content\/uploads\/2024\/11\/Bild-pa-fabriksomradet-Stor-1024x658.jpeg 1024w, https:\/\/stenhaga.com\/wp-content\/uploads\/2024\/11\/Bild-pa-fabriksomradet-Stor-768x493.jpeg 768w, https:\/\/stenhaga.com\/wp-content\/uploads\/2024\/11\/Bild-pa-fabriksomradet-Stor-1536x986.jpeg 1536w, https:\/\/stenhaga.com\/wp-content\/uploads\/2024\/11\/Bild-pa-fabriksomradet-Stor.jpeg 1682w\" sizes=\"auto, (max-width: 1024px) 100vw, 1024px\" \/><\/td>\n<td style=\"padding-left: 20px;\" valign=\"top\">\n<h1>Stallbacka F\u00f6retagspark AB<\/h1>\n<p>Denna fastighet \u00e4r en unik fastighet med historia fr\u00e5n slutet av 1930 talet med sina 395 800 kvm lokalytor och ca 400 000 kvm markyta \u00e4r det en av Sveriges st\u00f6rsta industrifastigheter.<\/p>\n<p>Det finns historiska minnen fr\u00e5n industrin inom flygplanstillverkning men \u00e4r mest k\u00e4nd som bilfabrik d\u00e4r man i \u00f6ver halvt sekel byggt SAAB-bilar. Som mest byggdes det omkring 540 bilar\/dag.<\/p>\n<p>Fastigheten har lokaler och kontor i m\u00e5nga storlekar och former och passar d\u00e4rf\u00f6r b\u00e5de f\u00f6r s\u00e5v\u00e4l mindre f\u00f6retagen till stora verksamheter och koncerner.<\/p>\n<p>Stallbacka \u00e4r en plats med mycket industriell historia och med stor teknisk kompetens. Detta g\u00f6r att Stallbacka med sitt geografiskt attraktiva l\u00e4ge har framtiden f\u00f6r sig tillsammans med alla de f\u00f6retag som \u00e4r verksamma d\u00e4r, inom m\u00e5nga olika omr\u00e5den.<\/p>\n<p>Fastigheten har alla logistiska transportm\u00f6jligheter, motorv\u00e4g mellan Oslo och Malm\u00f6 via G\u00f6teborg, vattenv\u00e4gen via G\u00f6ta \u00c4lv, j\u00e4rnv\u00e4gssp\u00e5r in p\u00e5 omr\u00e5det och flygplats med Stallbacka Airport som n\u00e4rmsta granne.<\/p>\n<p>Fastigheten har eget processvatten, eget reningsverk, hela omr\u00e5det \u00e4r inh\u00e4gnat och har bevakning dygnet runt.<\/p>\n<p>Nu skrivs ett nytt kapitel och vi etablerar Stallbacka F\u00f6retagspark d\u00e4r tanken \u00e4r att fastigheten ska fyllas med st\u00f6rre och mindre f\u00f6retag inom allt fr\u00e5n produktion, lager, konsulter och teknisk kompetens. Det \u00e4r mycket gl\u00e4djande att ett antal f\u00f6retag redan valt att etablera sig i framtidens f\u00f6retagspark, Stallbacka F\u00f6retagspark.<\/p>\n<p><strong>Kontaktperson:<\/strong> Fastighetschef \u2013 Sonny Klar\u00e9n.<br \/>\n<span lang=\"EN-GB\">Tel. +46 (0) 708 13 29 55.<br \/>\nEmail: <a href=\"mailto:sonny@stenhaga.com\"> sonny@stenhaga.com <\/a><\/span><\/td>\n<\/tr>\n<\/tbody>\n<\/table>\n","protected":false},"excerpt":{"rendered":"<p>Stenhaga Fastigheter AB Stenhaga Fastigheter \u00e4r ett renodlat holdingbolag vars dotterbolag \u00e4ger och utvecklar fastigheter, i huvudsak bel\u00e4gna i v\u00e4stra Sverige. Fastighetsinnehavet omfattar idag drygt 500 000 m2. Vi investerar i fastigheter med god utvecklingspotential d\u00e4r vi kan bygga v\u00e4rden. Kontakt:\u00a0Fastighetschef, Sonny Klar\u00e9n, +46 (0) 708 13 29 55,\u00a0sonny@stenhaga.com. \u00a0 Bjertorp Slott Inom Stenhaga vill [&hellip;]<\/p>\n","protected":false},"author":1,"featured_media":0,"parent":15,"menu_order":0,"comment_status":"closed","ping_status":"closed","template":"","meta":{"footnotes":""},"class_list":["post-401","page","type-page","status-publish","hentry"],"_links":{"self":[{"href":"https:\/\/stenhaga.com\/index.php\/wp-json\/wp\/v2\/pages\/401","targetHints":{"allow":["GET"]}}],"collection":[{"href":"https:\/\/stenhaga.com\/index.php\/wp-json\/wp\/v2\/pages"}],"about":[{"href":"https:\/\/stenhaga.com\/index.php\/wp-json\/wp\/v2\/types\/page"}],"author":[{"embeddable":true,"href":"https:\/\/stenhaga.com\/index.php\/wp-json\/wp\/v2\/users\/1"}],"replies":[{"embeddable":true,"href":"https:\/\/stenhaga.com\/index.php\/wp-json\/wp\/v2\/comments?post=401"}],"version-history":[{"count":40,"href":"https:\/\/stenhaga.com\/index.php\/wp-json\/wp\/v2\/pages\/401\/revisions"}],"predecessor-version":[{"id":2580,"href":"https:\/\/stenhaga.com\/index.php\/wp-json\/wp\/v2\/pages\/401\/revisions\/2580"}],"up":[{"embeddable":true,"href":"https:\/\/stenhaga.com\/index.php\/wp-json\/wp\/v2\/pages\/15"}],"wp:attachment":[{"href":"https:\/\/stenhaga.com\/index.php\/wp-json\/wp\/v2\/media?parent=401"}],"curies":[{"name":"wp","href":"https:\/\/api.w.org\/{rel}","templated":true}]}}