{"id":403,"date":"2013-10-23T13:12:02","date_gmt":"2013-10-23T13:12:02","guid":{"rendered":"http:\/\/localhost.stenhaga.com\/?page_id=403"},"modified":"2026-04-16T10:34:55","modified_gmt":"2026-04-16T09:34:55","slug":"ovriga-innehav","status":"publish","type":"page","link":"https:\/\/stenhaga.com\/index.php\/vara-innehav\/ovriga-innehav\/","title":{"rendered":"\u00d6vriga innehav"},"content":{"rendered":"<table width=\"100%\">\n<tbody>\n<tr>\n<td valign=\"top\" width=\"48%\"><\/td>\n<td style=\"padding-left: 20px;\" valign=\"top\"><\/td>\n<\/tr>\n<tr>\n<td valign=\"top\" width=\"48%\"><img loading=\"lazy\" decoding=\"async\" width=\"533\" height=\"335\" class=\"alignnone size-full wp-image-2183 img-responsive\" style=\"margin-top: 18px;\" src=\"https:\/\/unruffled-bassi.185-202-178-137.plesk.page\/wp-content\/uploads\/2013\/10\/Swedish-Modules.jpg\" alt=\"Swedish Modules\" srcset=\"https:\/\/stenhaga.com\/wp-content\/uploads\/2013\/10\/Swedish-Modules.jpg 533w, https:\/\/stenhaga.com\/wp-content\/uploads\/2013\/10\/Swedish-Modules-300x189.jpg 300w\" sizes=\"auto, (max-width: 533px) 100vw, 533px\" \/><\/td>\n<td style=\"padding-left: 20px;\" valign=\"top\">\n<h1>MedicSolution Nordic AB<\/h1>\n<p><strong>Modul\u00e4r byggnation med kvalificerat teknikinneh\u00e5ll.<\/strong><\/p>\n<p>Bolaget har l\u00e5ng erfarenhet av modul\u00e4ra byggnader med krav p\u00e5 precision och teknisk exakthet och har enheter installerade \u00f6ver stora delar av v\u00e4rlden. Idag levererar bolaget produkter och l\u00f6sningar till sjukv\u00e5rd (operationssalar, sterilcentraler mm) och forskning (renrum och laboratorier).<\/p>\n<p>Den modul\u00e4ra verksamheten startade redan 1974 under namnet Emtunga Mekaniska Verkstad AB, d\u00e5 bolaget levererade de f\u00f6rsta bostadsdelarna till offshore-industrin i Nordsj\u00f6n. 1986 levereras kompletta, modul\u00e4rt byggda, l\u00e4kemedelsfabriker. 2009 ombildades bolaget till Swedish Modules som d\u00e5 tog \u00f6ver koncept, know how och produktionen i Emtunga. 2015 skrev bolaget historia d\u00e5 man levererade nordens tre f\u00f6rsta modul\u00e4rt byggda operationssalar till Karlskoga Lasarett. H\u00f6sten 2021 s\u00e5lde bolaget produktionsverksamheten i Emtunga tillsammans med aff\u00e4rsomr\u00e5dena Power och Datacenter, men bibeh\u00f6ll kompetens och erfarenhet kring sjukhus och forskning. I samband med det \u00e4ndades f\u00f6retagsnamnet till MedicSolution Nordic AB med full fokus p\u00e5 sjukv\u00e5rd och forskning.<\/p>\n<p><strong>Kontakt: <\/strong>CEO Jens Sj\u00f6dahl, +46 (0) 761 45 22 65, <a href=\"mailto:jens.sjodahl@medicsolution.com\">jens.sjodahl@medicsolution.com<\/a><\/p>\n<p><a href=\"http:\/\/www.medicsolution.com\" target=\"_blank\" rel=\"noopener\">www.medicsolution.com<\/a><\/td>\n<\/tr>\n<\/tbody>\n<\/table>\n<table width=\"100%\">\n<tbody>\n<tr>\n<td valign=\"top\" width=\"48%\"><a href=\"https:\/\/unruffled-bassi.185-202-178-137.plesk.page\/wp-content\/uploads\/2020\/08\/Aptic.png\"><img loading=\"lazy\" decoding=\"async\" class=\"img-responsive alignnone wp-image-2446 size-full\" style=\"margin-top: 18px;\" src=\"https:\/\/unruffled-bassi.185-202-178-137.plesk.page\/wp-content\/uploads\/2020\/08\/Aptic.png\" alt=\"\" width=\"1150\" height=\"1150\" srcset=\"https:\/\/stenhaga.com\/wp-content\/uploads\/2020\/08\/Aptic.png 1150w, https:\/\/stenhaga.com\/wp-content\/uploads\/2020\/08\/Aptic-300x300.png 300w, https:\/\/stenhaga.com\/wp-content\/uploads\/2020\/08\/Aptic-1024x1024.png 1024w, https:\/\/stenhaga.com\/wp-content\/uploads\/2020\/08\/Aptic-150x150.png 150w, https:\/\/stenhaga.com\/wp-content\/uploads\/2020\/08\/Aptic-768x768.png 768w\" sizes=\"auto, (max-width: 1150px) 100vw, 1150px\" \/><\/a><\/td>\n<td style=\"padding-left: 20px;\" valign=\"top\">\n<h1>Aptic AB<\/h1>\n<p><b>&#8220;Leading the new era of fintech evolution&#8221;<\/b><\/p>\n<p>Aptic \u00e4r ett snabbv\u00e4xande nordiskt fintech-f\u00f6retag som tillhandah\u00e5ller mjukvarul\u00f6sningar till f\u00f6retag inom bank, finans och e-handel. De egenutvecklade plattformarna hanterar betalningar, factoring, inkasso, leasing, reskontratj\u00e4nster samt konto- och kredithantering. L\u00f6sningarna utvecklas och skr\u00e4ddarsys f\u00f6r att passa Aptics kunders specifika aff\u00e4rsbehov.<\/p>\n<p>Aptic drivs av att l\u00f6sa sina kunders utmaningar. F\u00f6r att lyckas str\u00e4vas kontinuerligt efter en djup f\u00f6rst\u00e5else f\u00f6r kundernas verksamhet och specifika behov. Aptic kombinerar branschkunskap med expertis inom aff\u00e4rs- och digitalisering vilket m\u00f6jligg\u00f6r b\u00e5de smart aff\u00e4rsutveckling och snabb implementering av l\u00f6sningarna. Aptics kunder finns i s\u00e5v\u00e4l Skandinavien som i Nordeuropa och n\u00e5gra av dem \u00e4r Intrum, Lowell, SEB, Wasa Kredit, Collector Bank och Komplett Bank.<\/p>\n<p>Aptic har idag 130 anst\u00e4llda + partners spridda p\u00e5 olika kontor; huvudkontoret i Stockholm, verksamheten i Sk\u00f6vde samt \u00a0ytterligare kontor i Oslo, Haag och Aarhus. Det finns en stor efterfr\u00e5gan p\u00e5 Aptics l\u00f6sningar och f\u00f6retaget planerar att expandera till nya marknader.<\/p>\n<p>Kontakt: CEO Knut-Eirik Storsul +47\u00a0911 70 456, <a href=\"mailto:knut.eirik.storsul@aptic.net\">knut.eirik.storsul@aptic.net<\/a><\/p>\n<p><a href=\"http:\/\/www.aptic.net\">www.aptic.net<\/a><\/td>\n<\/tr>\n<\/tbody>\n<\/table>\n<table width=\"100%\">\n<tbody>\n<tr>\n<td valign=\"top\" width=\"48%\"><a href=\"https:\/\/unruffled-bassi.185-202-178-137.plesk.page\/wp-content\/uploads\/2013\/10\/Stall-Stenhaga.jpg\"><img loading=\"lazy\" decoding=\"async\" width=\"533\" height=\"335\" class=\"alignnone size-full wp-image-2201\" style=\"margin-top: 18px;\" src=\"https:\/\/unruffled-bassi.185-202-178-137.plesk.page\/wp-content\/uploads\/2013\/10\/Stall-Stenhaga.jpg\" alt=\"Johan Lundh - Stenhaga Cannabiz\" srcset=\"https:\/\/stenhaga.com\/wp-content\/uploads\/2013\/10\/Stall-Stenhaga.jpg 533w, https:\/\/stenhaga.com\/wp-content\/uploads\/2013\/10\/Stall-Stenhaga-300x189.jpg 300w\" sizes=\"auto, (max-width: 533px) 100vw, 533px\" \/><\/a><\/td>\n<td style=\"padding-left: 20px;\" valign=\"top\">\n<h1>Stall Stenhaga AB<\/h1>\n<p>Stall Stenhaga har sin verksamhet p\u00e5 Stenhaga G\u00e5rd i Vara och bedriver en aktiv avels- och utbildningsverksamhet av lovande hopph\u00e4star. H\u00e4starna t\u00e4vlar upp till elitniv\u00e5.<\/p>\n<p><strong>Kontakt<\/strong>: VD Anna Ellhage,<a href=\"mailto:anna@stenhaga.com\" target=\"_blank\" rel=\"noopener\"> anna@stenhaga.com,<\/a><\/td>\n<\/tr>\n<tr>\n<td valign=\"top\" width=\"48%\">\u00a0<a href=\"https:\/\/unruffled-bassi.185-202-178-137.plesk.page\/wp-content\/uploads\/2013\/10\/TL-Invest.jpg\"><img loading=\"lazy\" decoding=\"async\" width=\"533\" height=\"335\" class=\"alignnone size-full wp-image-2199\" src=\"https:\/\/unruffled-bassi.185-202-178-137.plesk.page\/wp-content\/uploads\/2013\/10\/TL-Invest.jpg\" alt=\"TL Invest\" srcset=\"https:\/\/stenhaga.com\/wp-content\/uploads\/2013\/10\/TL-Invest.jpg 533w, https:\/\/stenhaga.com\/wp-content\/uploads\/2013\/10\/TL-Invest-300x189.jpg 300w\" sizes=\"auto, (max-width: 533px) 100vw, 533px\" \/><\/a><\/td>\n<td style=\"padding-left: 20px;\" valign=\"top\">\n<h1 class=\"item third fourth\"><span style=\"color: #db2341;\" data-darkreader-inline-color=\"\">TL Invest<\/span><\/h1>\n<p>Genom TL Invest har Stenhaga investerat i f\u00f6rnybar energi i form av vindkraft. \u00a0Tillsammans med TL Vind har bolaget projekterat och byggt en vindkraftspark i Vara kommun f\u00f6r att bedriva energiproduktion.<\/p>\n<p><strong>Kontakt:<\/strong>\u00a0Styrelserepresentant Ludwig Ellhage, +46 (0) 738 06 10 82, <a href=\"mailto:ludwig@bilkompaniet.eu\">ludwig@bilkompaniet.eu<\/a><\/td>\n<\/tr>\n<tr>\n<td valign=\"top\" width=\"48%\">\u00a0<img loading=\"lazy\" decoding=\"async\" class=\"alignnone wp-image-2519 size-full\" src=\"https:\/\/stenhaga.com\/wp-content\/uploads\/2024\/02\/AL2A4760-Stor.jpg\" alt=\"\" width=\"1620\" height=\"1080\" srcset=\"https:\/\/stenhaga.com\/wp-content\/uploads\/2024\/02\/AL2A4760-Stor.jpg 1620w, https:\/\/stenhaga.com\/wp-content\/uploads\/2024\/02\/AL2A4760-Stor-1024x683.jpg 1024w, https:\/\/stenhaga.com\/wp-content\/uploads\/2024\/02\/AL2A4760-Stor-768x512.jpg 768w, https:\/\/stenhaga.com\/wp-content\/uploads\/2024\/02\/AL2A4760-Stor-1536x1024.jpg 1536w\" sizes=\"auto, (max-width: 1620px) 100vw, 1620px\" \/><\/td>\n<td style=\"padding-left: 20px;\" valign=\"top\">\n<h1 class=\"item third fourth\"><span style=\"color: #db2341;\" data-darkreader-inline-color=\"\">Stenhaga Motorsport AB<\/span><\/h1>\n<p style=\"font-weight: 400;\">Stenhaga Motorsport debuterade i racingv\u00e4rlden 2021 och satte avtryck redan direkt. Med 7 bilar till start i Porsche Sprint Challenge Scandinavia blev dem seriens st\u00f6rsta team. Man tog l\u00e4rdom av premi\u00e4r\u00e5ret och lyckades ta hem segern f\u00f6r Porsche Sprint Challenge Scandinavia s\u00e4songen 2022, 2023 och 2024, d\u00e5 med 4 bilar i teamet.<\/p>\n<p style=\"font-weight: 400;\">Under 2025 tog teamet ett steg upp till SM-klassade Porsche Carrera Cup Scandinavia. Porsche Carrera Cup Scandinavia \u00e4r en enhetsserie styrt av Porsche med race i Sverige, Norge och Danmark.<\/p>\n<p>2026 har Stenhaga Motorsport gjort ett uppeh\u00e5ll med racingen.<\/p>\n<p><strong>Kontakt:<\/strong>\u00a0Ludwig Ellhage, +46 (0) 738 06 10 82, <a href=\"mailto:ludwig@bilkompaniet.eu\">ludwig@bilkompaniet.eu<\/a><\/td>\n<\/tr>\n<tr>\n<td valign=\"top\"><img loading=\"lazy\" decoding=\"async\" class=\"alignnone wp-image-2526 size-full\" style=\"margin-top: 18px;\" src=\"https:\/\/stenhaga.com\/wp-content\/uploads\/2024\/02\/DSC0895580-Stor.jpg\" alt=\"\" width=\"1619\" height=\"1080\" srcset=\"https:\/\/stenhaga.com\/wp-content\/uploads\/2024\/02\/DSC0895580-Stor.jpg 1619w, https:\/\/stenhaga.com\/wp-content\/uploads\/2024\/02\/DSC0895580-Stor-1024x683.jpg 1024w, https:\/\/stenhaga.com\/wp-content\/uploads\/2024\/02\/DSC0895580-Stor-768x512.jpg 768w, https:\/\/stenhaga.com\/wp-content\/uploads\/2024\/02\/DSC0895580-Stor-1536x1025.jpg 1536w\" sizes=\"auto, (max-width: 1619px) 100vw, 1619px\" \/><\/td>\n<td style=\"padding-left: 20px;\" valign=\"top\">\n<h1>Bilkompaniet i Tr\u00e5vad AB<\/h1>\n<p>Bilkompaniet \u00e4r ett dotterbolag till Stenhaga Invest,<\/p>\n<p>det \u00e4r ett litet familj\u00e4rt f\u00f6retag med stort bilintresse. F\u00f6retaget grundades 1993 av Svante Andersson och drivs idag av sonen Ludwig Ellhage.<\/p>\n<p>Inriktningen och specialiteten \u00e4r sportbilar och samlarbilar, fr\u00e4mst fr\u00e5n de Europiska biltillverkarna. Bilkompaniet \u00e4r inte auktoriserad f\u00f6r n\u00e5got m\u00e4rke utan handlar med de bilar de sj\u00e4lva vill och \u00e4r intresserade av. Noggrannhet och kvalitet \u00e4r n\u00e5got som v\u00e4rdes\u00e4tts h\u00f6gt.<\/p>\n<p>Generellt sett, men framf\u00f6r allt n\u00e4r de g\u00e4ller de entusiast- \/ samlarbilarna som s\u00e4ljes s\u00e5 v\u00e4rdes\u00e4tts alltid or\u00f6rda originalbilar med l\u00e5g m\u00e4tarst\u00e4llning.<\/p>\n<p>Inne i deras showroom utanf\u00f6r Vara finns ett 20-tal bilar i lager. Efter m\u00e5nga \u00e5r i branchen har ett brett kontaktn\u00e4ts byggts upp \u00f6ver stora delar av v\u00e4rlden vilket g\u00f6r att dem kan f\u00e5 fram specialbilar som aldrig n\u00e5tt den \u00f6ppna marknaden.<\/p>\n<p>Bilkompaniet vill hj\u00e4lpa deras kunder p\u00e5 ett s\u00e4kert och tryggt s\u00e4tt att hitta deras dr\u00f6mbil. M\u00e5ls\u00e4ttningen \u00e4r h\u00f6gsta kvalitet och p\u00e5 s\u00e5 s\u00e4tt f\u00e5 n\u00f6jda kunder.<\/p>\n<p><strong>Kontakt:<\/strong><\/p>\n<p>VD\/S\u00e4ljare Ludwig Ellhage, + 46 (0) 738 06 10 82, <a href=\"mailto:ludwig@bilkompaniet.eu\">ludwig@bilkompaniet.eu<\/a><\/p>\n<p><a href=\"http:\/\/www.bilkompaniet.eu\/\" target=\"_blank\" rel=\"nofollow noreferrer noopener\">www.Bilkompaniet.eu<\/a><\/td>\n<\/tr>\n<\/tbody>\n<\/table>\n","protected":false},"excerpt":{"rendered":"<p>MedicSolution Nordic AB Modul\u00e4r byggnation med kvalificerat teknikinneh\u00e5ll. Bolaget har l\u00e5ng erfarenhet av modul\u00e4ra byggnader med krav p\u00e5 precision och teknisk exakthet och har enheter installerade \u00f6ver stora delar av v\u00e4rlden. Idag levererar bolaget produkter och l\u00f6sningar till sjukv\u00e5rd (operationssalar, sterilcentraler mm) och forskning (renrum och laboratorier). Den modul\u00e4ra verksamheten startade redan 1974 under namnet [&hellip;]<\/p>\n","protected":false},"author":1,"featured_media":0,"parent":15,"menu_order":0,"comment_status":"closed","ping_status":"closed","template":"","meta":{"footnotes":""},"class_list":["post-403","page","type-page","status-publish","hentry"],"_links":{"self":[{"href":"https:\/\/stenhaga.com\/index.php\/wp-json\/wp\/v2\/pages\/403","targetHints":{"allow":["GET"]}}],"collection":[{"href":"https:\/\/stenhaga.com\/index.php\/wp-json\/wp\/v2\/pages"}],"about":[{"href":"https:\/\/stenhaga.com\/index.php\/wp-json\/wp\/v2\/types\/page"}],"author":[{"embeddable":true,"href":"https:\/\/stenhaga.com\/index.php\/wp-json\/wp\/v2\/users\/1"}],"replies":[{"embeddable":true,"href":"https:\/\/stenhaga.com\/index.php\/wp-json\/wp\/v2\/comments?post=403"}],"version-history":[{"count":14,"href":"https:\/\/stenhaga.com\/index.php\/wp-json\/wp\/v2\/pages\/403\/revisions"}],"predecessor-version":[{"id":2576,"href":"https:\/\/stenhaga.com\/index.php\/wp-json\/wp\/v2\/pages\/403\/revisions\/2576"}],"up":[{"embeddable":true,"href":"https:\/\/stenhaga.com\/index.php\/wp-json\/wp\/v2\/pages\/15"}],"wp:attachment":[{"href":"https:\/\/stenhaga.com\/index.php\/wp-json\/wp\/v2\/media?parent=403"}],"curies":[{"name":"wp","href":"https:\/\/api.w.org\/{rel}","templated":true}]}}